{"id":74122,"date":"2022-04-17T15:55:47","date_gmt":"2022-04-17T14:55:47","guid":{"rendered":"https:\/\/staging.faktumonline.com\/product\/fronter-med-moenstre\/"},"modified":"2024-01-26T13:23:18","modified_gmt":"2024-01-26T12:23:18","slug":"fronter-med-moenstre","status":"publish","type":"product","link":"https:\/\/staging.faktumonline.com\/da\/vare\/fronter-med-moenstre\/","title":{"rendered":"Fronter med m\u00f8nstre"},"content":{"rendered":"","protected":false},"excerpt":{"rendered":"<p style=\"font-weight: 400;\">Fra listerne nedenfor, v\u00e6lg venligst din foretrukne m\u00f8nster + farve kombination. N\u00e5r de er lagt i indk\u00f8bskurven, vil alle de nye fronter blive lavet i denne farve.<\/p>\n<p style=\"font-weight: 400;\">Valg af m\u00f8nster + farve vil ikke p\u00e5virke den samlede pris for din ordre, da prisen p\u00e5 fronterne er bestemt af deres st\u00f8rrelse og ikke af farven.<\/p>\n<p style=\"font-weight: 400;\">Sidebekl\u00e6dning, sokkel, udfyldnings- og lyspanel vil altid v\u00e6re produceret i en flad overflade (W28). Bagsiden af alle vores fronter vil altid v\u00e6re hvide.<\/p>\n<p style=\"font-weight: 400;\">Hvis du ikke allerede har gjort det, foresl\u00e5r vi, at du anmoder om et s\u00e6t med vores <a href=\"\/?page_id=66704\" target=\"_blank\" rel=\"noopener\">gratis farvepr\u00f8ver<\/a>, f\u00f8r du afgiver din ordre.<\/p>\n<p style=\"font-weight: 400;\">Foretag venligst dit valg nedenfor og l\u00e6g i din indk\u00f8bskurv:<\/p>\n","protected":false},"featured_media":72738,"template":"","meta":[],"product_brand":[],"product_cat":[1303],"product_tag":[],"class_list":{"0":"post-74122","1":"product","2":"type-product","3":"status-publish","4":"has-post-thumbnail","6":"product_cat-moenster","7":"sales-flash-overlay","8":"woocommerce-text-align-center","9":"woocommerce-image-align-center","11":"first","12":"instock","13":"virtual","14":"sold-individually","15":"taxable","16":"purchasable","17":"product-type-simple"},"exclude_global_add_ons":true,"addons":[{"name":"M\u00f8nster","type":"multiple_choice","position":0,"required":true,"title_format":"label","default":"","description_enable":false,"description":"","placeholder_enable":false,"placeholder":"","display":"select","restrictions_type":"any_text","adjust_price":false,"price":"","price_type":"flat_fee","restrictions":false,"min":"0","max":"0","options":[{"label":"W03","price":"","price_type":"flat_fee","image":0},{"label":"W07","price":"","price_type":"flat_fee","image":0},{"label":"W09","price":"","price_type":"flat_fee","image":0},{"label":"W10","price":"","price_type":"flat_fee","image":0},{"label":"W12","price":"","price_type":"flat_fee","image":0},{"label":"W24","price":"","price_type":"flat_fee","image":0},{"label":"W30","price":"","price_type":"flat_fee","image":0},{"label":"W39","price":"","price_type":"flat_fee","image":0},{"label":"W75","price":"","price_type":"flat_fee","image":0},{"label":"W76","price":"","price_type":"flat_fee","image":0}],"id":1706275357},{"name":"Farve","type":"multiple_choice","position":1,"required":false,"title_format":"label","default":"","description_enable":false,"description":"","placeholder_enable":false,"placeholder":"","display":"select","restrictions_type":"any_text","adjust_price":false,"price":"","price_type":"flat_fee","restrictions":false,"min":"0","max":"0","options":[{"label":"Alpine White","price":"","price_type":"flat_fee","image":0},{"label":"American Walnut","price":"","price_type":"flat_fee","image":0},{"label":"Anthracite Grey","price":"","price_type":"flat_fee","image":0},{"label":"Arctic Grey","price":"","price_type":"flat_fee","image":0},{"label":"Basaltic","price":"","price_type":"flat_fee","image":0},{"label":"Beech Wood","price":"","price_type":"flat_fee","image":0},{"label":"Black Ink","price":"","price_type":"flat_fee","image":0},{"label":"Black Matte","price":"","price_type":"flat_fee","image":0},{"label":"Caffe Latte","price":"","price_type":"flat_fee","image":0},{"label":"California Oak","price":"","price_type":"flat_fee","image":0},{"label":"Cosmic Grey","price":"","price_type":"flat_fee","image":0},{"label":"Dark Concrete","price":"","price_type":"flat_fee","image":0},{"label":"Easy Grey","price":"","price_type":"flat_fee","image":0},{"label":"Fjord","price":"","price_type":"flat_fee","image":0},{"label":"Frozen White","price":"","price_type":"flat_fee","image":0},{"label":"Green Antique","price":"","price_type":"flat_fee","image":0},{"label":"Grey Antique","price":"","price_type":"flat_fee","image":0},{"label":"Indigo Blue","price":"","price_type":"flat_fee","image":0},{"label":"Light Concrete","price":"","price_type":"flat_fee","image":0},{"label":"Limestone","price":"","price_type":"flat_fee","image":0},{"label":"Magnolia White","price":"","price_type":"flat_fee","image":0},{"label":"Off White","price":"","price_type":"flat_fee","image":0},{"label":"Parisian Blue","price":"","price_type":"flat_fee","image":0},{"label":"Pearl White","price":"","price_type":"flat_fee","image":0},{"label":"Retro Blue","price":"","price_type":"flat_fee","image":0},{"label":"Rose Antique","price":"","price_type":"flat_fee","image":0},{"label":"Silk Sand","price":"","price_type":"flat_fee","image":0},{"label":"Smooth White","price":"","price_type":"flat_fee","image":0},{"label":"Steel Grey","price":"","price_type":"flat_fee","image":0},{"label":"Stone Grey","price":"","price_type":"flat_fee","image":0},{"label":"Truffle Oak","price":"","price_type":"flat_fee","image":0},{"label":"Vanilla","price":"","price_type":"flat_fee","image":0},{"label":"White Oak","price":"","price_type":"flat_fee","image":0}],"id":1706275358}],"yoast_head":"<!-- This site is optimized with the Yoast SEO Premium plugin v27.0 (Yoast SEO v27.0) - https:\/\/yoast.com\/product\/yoast-seo-premium-wordpress\/ -->\n<title>Fronter med m\u00f8nstre - Faktum Online Store<\/title>\n<meta name=\"robots\" content=\"noindex, follow, max-snippet:-1, max-image-preview:large, max-video-preview:-1\" \/>\n<meta property=\"og:locale\" content=\"da_DK\" \/>\n<meta property=\"og:type\" content=\"article\" \/>\n<meta property=\"og:title\" content=\"Fronter med m\u00f8nstre\" \/>\n<meta property=\"og:description\" content=\"Fra listerne nedenfor, v\u00e6lg venligst din foretrukne m\u00f8nster + farve kombination. N\u00e5r de er lagt i indk\u00f8bskurven, vil alle de nye fronter blive lavet i denne farve. Valg af m\u00f8nster + farve vil ikke p\u00e5virke den samlede pris for din ordre, da prisen p\u00e5 fronterne er bestemt af deres st\u00f8rrelse og ikke af farven. Sidebekl\u00e6dning, sokkel, udfyldnings- og lyspanel vil altid v\u00e6re produceret i en flad overflade (W28). Bagsiden af alle vores fronter vil altid v\u00e6re hvide. Hvis du ikke allerede har gjort det, foresl\u00e5r vi, at du anmoder om et s\u00e6t med vores gratis farvepr\u00f8ver, f\u00f8r du afgiver din ordre. Foretag venligst dit valg nedenfor og l\u00e6g i din indk\u00f8bskurv:\" \/>\n<meta property=\"og:url\" content=\"https:\/\/staging.faktumonline.com\/da\/vare\/fronter-med-moenstre\/\" \/>\n<meta property=\"og:site_name\" content=\"Faktum Online Store\" \/>\n<meta property=\"article:modified_time\" content=\"2024-01-26T12:23:18+00:00\" \/>\n<meta property=\"og:image\" content=\"https:\/\/staging.faktumonline.com\/wp-content\/uploads\/2022\/04\/All-prifiles-pictogram.jpg\" \/>\n\t<meta property=\"og:image:width\" content=\"678\" \/>\n\t<meta property=\"og:image:height\" content=\"1952\" \/>\n\t<meta property=\"og:image:type\" content=\"image\/jpeg\" \/>\n<meta name=\"twitter:card\" content=\"summary_large_image\" \/>\n<script type=\"application\/ld+json\" class=\"yoast-schema-graph\">{\"@context\":\"https:\/\/schema.org\",\"@graph\":[{\"@type\":\"WebPage\",\"@id\":\"https:\/\/staging.faktumonline.com\/da\/vare\/fronter-med-moenstre\/\",\"url\":\"https:\/\/staging.faktumonline.com\/da\/vare\/fronter-med-moenstre\/\",\"name\":\"Fronter med m\u00f8nstre - Faktum Online Store\",\"isPartOf\":{\"@id\":\"https:\/\/staging.faktumonline.com\/da\/#website\"},\"primaryImageOfPage\":{\"@id\":\"https:\/\/staging.faktumonline.com\/da\/vare\/fronter-med-moenstre\/#primaryimage\"},\"image\":{\"@id\":\"https:\/\/staging.faktumonline.com\/da\/vare\/fronter-med-moenstre\/#primaryimage\"},\"thumbnailUrl\":\"https:\/\/staging.faktumonline.com\/wp-content\/uploads\/2022\/04\/All-prifiles-pictogram.jpg\",\"datePublished\":\"2022-04-17T14:55:47+00:00\",\"dateModified\":\"2024-01-26T12:23:18+00:00\",\"breadcrumb\":{\"@id\":\"https:\/\/staging.faktumonline.com\/da\/vare\/fronter-med-moenstre\/#breadcrumb\"},\"inLanguage\":\"da-DK\",\"potentialAction\":[{\"@type\":\"ReadAction\",\"target\":[\"https:\/\/staging.faktumonline.com\/da\/vare\/fronter-med-moenstre\/\"]}]},{\"@type\":\"ImageObject\",\"inLanguage\":\"da-DK\",\"@id\":\"https:\/\/staging.faktumonline.com\/da\/vare\/fronter-med-moenstre\/#primaryimage\",\"url\":\"https:\/\/staging.faktumonline.com\/wp-content\/uploads\/2022\/04\/All-prifiles-pictogram.jpg\",\"contentUrl\":\"https:\/\/staging.faktumonline.com\/wp-content\/uploads\/2022\/04\/All-prifiles-pictogram.jpg\",\"width\":678,\"height\":1952},{\"@type\":\"BreadcrumbList\",\"@id\":\"https:\/\/staging.faktumonline.com\/da\/vare\/fronter-med-moenstre\/#breadcrumb\",\"itemListElement\":[{\"@type\":\"ListItem\",\"position\":1,\"name\":\"Hem\",\"item\":\"https:\/\/staging.faktumonline.com\/da\/\"},{\"@type\":\"ListItem\",\"position\":2,\"name\":\"Webshop\",\"item\":\"https:\/\/staging.faktumonline.com\/webshop\/\"},{\"@type\":\"ListItem\",\"position\":3,\"name\":\"Fronter med m\u00f8nstre\"}]},{\"@type\":\"WebSite\",\"@id\":\"https:\/\/staging.faktumonline.com\/da\/#website\",\"url\":\"https:\/\/staging.faktumonline.com\/da\/\",\"name\":\"Faktum Online Store\",\"description\":\"Premium doors for IKEA kitchens\",\"potentialAction\":[{\"@type\":\"SearchAction\",\"target\":{\"@type\":\"EntryPoint\",\"urlTemplate\":\"https:\/\/staging.faktumonline.com\/da\/?s={search_term_string}\"},\"query-input\":{\"@type\":\"PropertyValueSpecification\",\"valueRequired\":true,\"valueName\":\"search_term_string\"}}],\"inLanguage\":\"da-DK\"}]}<\/script>\n<!-- \/ Yoast SEO Premium plugin. -->","yoast_head_json":{"title":"Fronter med m\u00f8nstre - Faktum Online Store","robots":{"index":"noindex","follow":"follow","max-snippet":"max-snippet:-1","max-image-preview":"max-image-preview:large","max-video-preview":"max-video-preview:-1"},"og_locale":"da_DK","og_type":"article","og_title":"Fronter med m\u00f8nstre","og_description":"Fra listerne nedenfor, v\u00e6lg venligst din foretrukne m\u00f8nster + farve kombination. N\u00e5r de er lagt i indk\u00f8bskurven, vil alle de nye fronter blive lavet i denne farve. Valg af m\u00f8nster + farve vil ikke p\u00e5virke den samlede pris for din ordre, da prisen p\u00e5 fronterne er bestemt af deres st\u00f8rrelse og ikke af farven. Sidebekl\u00e6dning, sokkel, udfyldnings- og lyspanel vil altid v\u00e6re produceret i en flad overflade (W28). Bagsiden af alle vores fronter vil altid v\u00e6re hvide. Hvis du ikke allerede har gjort det, foresl\u00e5r vi, at du anmoder om et s\u00e6t med vores gratis farvepr\u00f8ver, f\u00f8r du afgiver din ordre. Foretag venligst dit valg nedenfor og l\u00e6g i din indk\u00f8bskurv:","og_url":"https:\/\/staging.faktumonline.com\/da\/vare\/fronter-med-moenstre\/","og_site_name":"Faktum Online Store","article_modified_time":"2024-01-26T12:23:18+00:00","og_image":[{"width":678,"height":1952,"url":"https:\/\/staging.faktumonline.com\/wp-content\/uploads\/2022\/04\/All-prifiles-pictogram.jpg","type":"image\/jpeg"}],"twitter_card":"summary_large_image","schema":{"@context":"https:\/\/schema.org","@graph":[{"@type":"WebPage","@id":"https:\/\/staging.faktumonline.com\/da\/vare\/fronter-med-moenstre\/","url":"https:\/\/staging.faktumonline.com\/da\/vare\/fronter-med-moenstre\/","name":"Fronter med m\u00f8nstre - Faktum Online Store","isPartOf":{"@id":"https:\/\/staging.faktumonline.com\/da\/#website"},"primaryImageOfPage":{"@id":"https:\/\/staging.faktumonline.com\/da\/vare\/fronter-med-moenstre\/#primaryimage"},"image":{"@id":"https:\/\/staging.faktumonline.com\/da\/vare\/fronter-med-moenstre\/#primaryimage"},"thumbnailUrl":"https:\/\/staging.faktumonline.com\/wp-content\/uploads\/2022\/04\/All-prifiles-pictogram.jpg","datePublished":"2022-04-17T14:55:47+00:00","dateModified":"2024-01-26T12:23:18+00:00","breadcrumb":{"@id":"https:\/\/staging.faktumonline.com\/da\/vare\/fronter-med-moenstre\/#breadcrumb"},"inLanguage":"da-DK","potentialAction":[{"@type":"ReadAction","target":["https:\/\/staging.faktumonline.com\/da\/vare\/fronter-med-moenstre\/"]}]},{"@type":"ImageObject","inLanguage":"da-DK","@id":"https:\/\/staging.faktumonline.com\/da\/vare\/fronter-med-moenstre\/#primaryimage","url":"https:\/\/staging.faktumonline.com\/wp-content\/uploads\/2022\/04\/All-prifiles-pictogram.jpg","contentUrl":"https:\/\/staging.faktumonline.com\/wp-content\/uploads\/2022\/04\/All-prifiles-pictogram.jpg","width":678,"height":1952},{"@type":"BreadcrumbList","@id":"https:\/\/staging.faktumonline.com\/da\/vare\/fronter-med-moenstre\/#breadcrumb","itemListElement":[{"@type":"ListItem","position":1,"name":"Hem","item":"https:\/\/staging.faktumonline.com\/da\/"},{"@type":"ListItem","position":2,"name":"Webshop","item":"https:\/\/staging.faktumonline.com\/webshop\/"},{"@type":"ListItem","position":3,"name":"Fronter med m\u00f8nstre"}]},{"@type":"WebSite","@id":"https:\/\/staging.faktumonline.com\/da\/#website","url":"https:\/\/staging.faktumonline.com\/da\/","name":"Faktum Online Store","description":"Premium doors for IKEA kitchens","potentialAction":[{"@type":"SearchAction","target":{"@type":"EntryPoint","urlTemplate":"https:\/\/staging.faktumonline.com\/da\/?s={search_term_string}"},"query-input":{"@type":"PropertyValueSpecification","valueRequired":true,"valueName":"search_term_string"}}],"inLanguage":"da-DK"}]}},"_links":{"self":[{"href":"https:\/\/staging.faktumonline.com\/da\/wp-json\/wp\/v2\/product\/74122","targetHints":{"allow":["GET"]}}],"collection":[{"href":"https:\/\/staging.faktumonline.com\/da\/wp-json\/wp\/v2\/product"}],"about":[{"href":"https:\/\/staging.faktumonline.com\/da\/wp-json\/wp\/v2\/types\/product"}],"version-history":[{"count":2,"href":"https:\/\/staging.faktumonline.com\/da\/wp-json\/wp\/v2\/product\/74122\/revisions"}],"predecessor-version":[{"id":92729,"href":"https:\/\/staging.faktumonline.com\/da\/wp-json\/wp\/v2\/product\/74122\/revisions\/92729"}],"wp:featuredmedia":[{"embeddable":true,"href":"https:\/\/staging.faktumonline.com\/da\/wp-json\/wp\/v2\/media\/72738"}],"wp:attachment":[{"href":"https:\/\/staging.faktumonline.com\/da\/wp-json\/wp\/v2\/media?parent=74122"}],"wp:term":[{"taxonomy":"product_brand","embeddable":true,"href":"https:\/\/staging.faktumonline.com\/da\/wp-json\/wp\/v2\/product_brand?post=74122"},{"taxonomy":"product_cat","embeddable":true,"href":"https:\/\/staging.faktumonline.com\/da\/wp-json\/wp\/v2\/product_cat?post=74122"},{"taxonomy":"product_tag","embeddable":true,"href":"https:\/\/staging.faktumonline.com\/da\/wp-json\/wp\/v2\/product_tag?post=74122"}],"curies":[{"name":"wp","href":"https:\/\/api.w.org\/{rel}","templated":true}]}}