{"id":77366,"date":"2022-08-26T19:48:39","date_gmt":"2022-08-26T18:48:39","guid":{"rendered":"https:\/\/staging.faktumonline.com\/product\/graphite-metallic-high-gloss-farveprove\/"},"modified":"2022-08-26T19:48:39","modified_gmt":"2022-08-26T18:48:39","slug":"graphite-metallic-high-gloss-farveprove","status":"publish","type":"product","link":"https:\/\/staging.faktumonline.com\/da\/vare\/graphite-metallic-high-gloss-farveprove\/","title":{"rendered":"Graphite Metallic High Gloss* Farvepr\u00f8ve"},"content":{"rendered":"","protected":false},"excerpt":{"rendered":"<p>Dette er en farvepr\u00f8ve. S\u00e6t kryds ved &#8220;Tilf\u00f8j \u200b\u200bi kurv&#8221; for at bestille pr\u00f8ven, som repr\u00e6senterer det f\u00e6rdige produkt i den \u00f8nskede farve i vores Premium MDF kvalitet. Lavet i omtrent samme st\u00f8rrelse som en h\u00f8j skuffefront.<\/p>\n<p>Afh\u00e6ngigt af de individuelle indstillinger p\u00e5 din computersk\u00e6rm (telefon eller tablet osv.), kan farve, glans og finish se lidt anderledes ud i det virkelige liv og under lysforholdene i dit eget k\u00f8kken. Betragt venligst disse billeder kun som en grov guide.<\/p>\n<p>* Denne farve er ikke mulig p\u00e5 U12-d\u00f8rene med integrerede h\u00e5ndtag.<\/p>\n","protected":false},"featured_media":77367,"template":"","meta":[],"product_brand":[],"product_cat":[1397],"product_tag":[],"class_list":{"0":"post-77366","1":"product","2":"type-product","3":"status-publish","4":"has-post-thumbnail","6":"product_cat-farveprover","7":"product_shipping_class-frakt35-da","8":"sales-flash-overlay","9":"woocommerce-text-align-center","10":"woocommerce-image-align-center","11":"wc-has-gallery","13":"first","14":"discontinued","15":"sold-individually","16":"taxable","17":"shipping-taxable","18":"purchasable","19":"product-type-simple"},"exclude_global_add_ons":[],"addons":[],"yoast_head":"<!-- This site is optimized with the Yoast SEO Premium plugin v27.0 (Yoast SEO v27.0) - https:\/\/yoast.com\/product\/yoast-seo-premium-wordpress\/ -->\n<title>Graphite Metallic High Gloss* Farvepr\u00f8ve - Faktum Online Store<\/title>\n<meta name=\"robots\" content=\"noindex, follow, max-snippet:-1, max-image-preview:large, max-video-preview:-1\" \/>\n<meta property=\"og:locale\" content=\"da_DK\" \/>\n<meta property=\"og:type\" content=\"article\" \/>\n<meta property=\"og:title\" content=\"Graphite Metallic High Gloss* Farvepr\u00f8ve\" \/>\n<meta property=\"og:description\" content=\"Dette er en farvepr\u00f8ve. S\u00e6t kryds ved &quot;Tilf\u00f8j \u200b\u200bi kurv&quot; for at bestille pr\u00f8ven, som repr\u00e6senterer det f\u00e6rdige produkt i den \u00f8nskede farve i vores Premium MDF kvalitet. Lavet i omtrent samme st\u00f8rrelse som en h\u00f8j skuffefront.  Afh\u00e6ngigt af de individuelle indstillinger p\u00e5 din computersk\u00e6rm (telefon eller tablet osv.), kan farve, glans og finish se lidt anderledes ud i det virkelige liv og under lysforholdene i dit eget k\u00f8kken. Betragt venligst disse billeder kun som en grov guide.  * Denne farve er ikke mulig p\u00e5 U12-d\u00f8rene med integrerede h\u00e5ndtag.\" \/>\n<meta property=\"og:url\" content=\"https:\/\/staging.faktumonline.com\/da\/vare\/graphite-metallic-high-gloss-farveprove\/\" \/>\n<meta property=\"og:site_name\" content=\"Faktum Online Store\" \/>\n<meta property=\"og:image\" content=\"https:\/\/staging.faktumonline.com\/wp-content\/uploads\/2019\/04\/W08-HG0901-1.jpg\" \/>\n\t<meta property=\"og:image:width\" content=\"354\" \/>\n\t<meta property=\"og:image:height\" content=\"510\" \/>\n\t<meta property=\"og:image:type\" content=\"image\/jpeg\" \/>\n<meta name=\"twitter:card\" content=\"summary_large_image\" \/>\n<script type=\"application\/ld+json\" class=\"yoast-schema-graph\">{\"@context\":\"https:\/\/schema.org\",\"@graph\":[{\"@type\":\"WebPage\",\"@id\":\"https:\/\/staging.faktumonline.com\/da\/vare\/graphite-metallic-high-gloss-farveprove\/\",\"url\":\"https:\/\/staging.faktumonline.com\/da\/vare\/graphite-metallic-high-gloss-farveprove\/\",\"name\":\"Graphite Metallic High Gloss* Farvepr\u00f8ve - Faktum Online Store\",\"isPartOf\":{\"@id\":\"https:\/\/staging.faktumonline.com\/da\/#website\"},\"primaryImageOfPage\":{\"@id\":\"https:\/\/staging.faktumonline.com\/da\/vare\/graphite-metallic-high-gloss-farveprove\/#primaryimage\"},\"image\":{\"@id\":\"https:\/\/staging.faktumonline.com\/da\/vare\/graphite-metallic-high-gloss-farveprove\/#primaryimage\"},\"thumbnailUrl\":\"https:\/\/staging.faktumonline.com\/wp-content\/uploads\/2019\/04\/W08-HG0901-1.jpg\",\"datePublished\":\"2022-08-26T18:48:39+00:00\",\"breadcrumb\":{\"@id\":\"https:\/\/staging.faktumonline.com\/da\/vare\/graphite-metallic-high-gloss-farveprove\/#breadcrumb\"},\"inLanguage\":\"da-DK\",\"potentialAction\":[{\"@type\":\"ReadAction\",\"target\":[\"https:\/\/staging.faktumonline.com\/da\/vare\/graphite-metallic-high-gloss-farveprove\/\"]}]},{\"@type\":\"ImageObject\",\"inLanguage\":\"da-DK\",\"@id\":\"https:\/\/staging.faktumonline.com\/da\/vare\/graphite-metallic-high-gloss-farveprove\/#primaryimage\",\"url\":\"https:\/\/staging.faktumonline.com\/wp-content\/uploads\/2019\/04\/W08-HG0901-1.jpg\",\"contentUrl\":\"https:\/\/staging.faktumonline.com\/wp-content\/uploads\/2019\/04\/W08-HG0901-1.jpg\",\"width\":354,\"height\":510},{\"@type\":\"BreadcrumbList\",\"@id\":\"https:\/\/staging.faktumonline.com\/da\/vare\/graphite-metallic-high-gloss-farveprove\/#breadcrumb\",\"itemListElement\":[{\"@type\":\"ListItem\",\"position\":1,\"name\":\"Hem\",\"item\":\"https:\/\/staging.faktumonline.com\/da\/\"},{\"@type\":\"ListItem\",\"position\":2,\"name\":\"Webshop\",\"item\":\"https:\/\/staging.faktumonline.com\/webshop\/\"},{\"@type\":\"ListItem\",\"position\":3,\"name\":\"Graphite Metallic High Gloss* Farvepr\u00f8ve\"}]},{\"@type\":\"WebSite\",\"@id\":\"https:\/\/staging.faktumonline.com\/da\/#website\",\"url\":\"https:\/\/staging.faktumonline.com\/da\/\",\"name\":\"Faktum Online Store\",\"description\":\"Premium doors for IKEA kitchens\",\"potentialAction\":[{\"@type\":\"SearchAction\",\"target\":{\"@type\":\"EntryPoint\",\"urlTemplate\":\"https:\/\/staging.faktumonline.com\/da\/?s={search_term_string}\"},\"query-input\":{\"@type\":\"PropertyValueSpecification\",\"valueRequired\":true,\"valueName\":\"search_term_string\"}}],\"inLanguage\":\"da-DK\"}]}<\/script>\n<!-- \/ Yoast SEO Premium plugin. -->","yoast_head_json":{"title":"Graphite Metallic High Gloss* Farvepr\u00f8ve - Faktum Online Store","robots":{"index":"noindex","follow":"follow","max-snippet":"max-snippet:-1","max-image-preview":"max-image-preview:large","max-video-preview":"max-video-preview:-1"},"og_locale":"da_DK","og_type":"article","og_title":"Graphite Metallic High Gloss* Farvepr\u00f8ve","og_description":"Dette er en farvepr\u00f8ve. S\u00e6t kryds ved \"Tilf\u00f8j \u200b\u200bi kurv\" for at bestille pr\u00f8ven, som repr\u00e6senterer det f\u00e6rdige produkt i den \u00f8nskede farve i vores Premium MDF kvalitet. Lavet i omtrent samme st\u00f8rrelse som en h\u00f8j skuffefront.  Afh\u00e6ngigt af de individuelle indstillinger p\u00e5 din computersk\u00e6rm (telefon eller tablet osv.), kan farve, glans og finish se lidt anderledes ud i det virkelige liv og under lysforholdene i dit eget k\u00f8kken. Betragt venligst disse billeder kun som en grov guide.  * Denne farve er ikke mulig p\u00e5 U12-d\u00f8rene med integrerede h\u00e5ndtag.","og_url":"https:\/\/staging.faktumonline.com\/da\/vare\/graphite-metallic-high-gloss-farveprove\/","og_site_name":"Faktum Online Store","og_image":[{"width":354,"height":510,"url":"https:\/\/staging.faktumonline.com\/wp-content\/uploads\/2019\/04\/W08-HG0901-1.jpg","type":"image\/jpeg"}],"twitter_card":"summary_large_image","schema":{"@context":"https:\/\/schema.org","@graph":[{"@type":"WebPage","@id":"https:\/\/staging.faktumonline.com\/da\/vare\/graphite-metallic-high-gloss-farveprove\/","url":"https:\/\/staging.faktumonline.com\/da\/vare\/graphite-metallic-high-gloss-farveprove\/","name":"Graphite Metallic High Gloss* Farvepr\u00f8ve - Faktum Online Store","isPartOf":{"@id":"https:\/\/staging.faktumonline.com\/da\/#website"},"primaryImageOfPage":{"@id":"https:\/\/staging.faktumonline.com\/da\/vare\/graphite-metallic-high-gloss-farveprove\/#primaryimage"},"image":{"@id":"https:\/\/staging.faktumonline.com\/da\/vare\/graphite-metallic-high-gloss-farveprove\/#primaryimage"},"thumbnailUrl":"https:\/\/staging.faktumonline.com\/wp-content\/uploads\/2019\/04\/W08-HG0901-1.jpg","datePublished":"2022-08-26T18:48:39+00:00","breadcrumb":{"@id":"https:\/\/staging.faktumonline.com\/da\/vare\/graphite-metallic-high-gloss-farveprove\/#breadcrumb"},"inLanguage":"da-DK","potentialAction":[{"@type":"ReadAction","target":["https:\/\/staging.faktumonline.com\/da\/vare\/graphite-metallic-high-gloss-farveprove\/"]}]},{"@type":"ImageObject","inLanguage":"da-DK","@id":"https:\/\/staging.faktumonline.com\/da\/vare\/graphite-metallic-high-gloss-farveprove\/#primaryimage","url":"https:\/\/staging.faktumonline.com\/wp-content\/uploads\/2019\/04\/W08-HG0901-1.jpg","contentUrl":"https:\/\/staging.faktumonline.com\/wp-content\/uploads\/2019\/04\/W08-HG0901-1.jpg","width":354,"height":510},{"@type":"BreadcrumbList","@id":"https:\/\/staging.faktumonline.com\/da\/vare\/graphite-metallic-high-gloss-farveprove\/#breadcrumb","itemListElement":[{"@type":"ListItem","position":1,"name":"Hem","item":"https:\/\/staging.faktumonline.com\/da\/"},{"@type":"ListItem","position":2,"name":"Webshop","item":"https:\/\/staging.faktumonline.com\/webshop\/"},{"@type":"ListItem","position":3,"name":"Graphite Metallic High Gloss* Farvepr\u00f8ve"}]},{"@type":"WebSite","@id":"https:\/\/staging.faktumonline.com\/da\/#website","url":"https:\/\/staging.faktumonline.com\/da\/","name":"Faktum Online Store","description":"Premium doors for IKEA kitchens","potentialAction":[{"@type":"SearchAction","target":{"@type":"EntryPoint","urlTemplate":"https:\/\/staging.faktumonline.com\/da\/?s={search_term_string}"},"query-input":{"@type":"PropertyValueSpecification","valueRequired":true,"valueName":"search_term_string"}}],"inLanguage":"da-DK"}]}},"_links":{"self":[{"href":"https:\/\/staging.faktumonline.com\/da\/wp-json\/wp\/v2\/product\/77366","targetHints":{"allow":["GET"]}}],"collection":[{"href":"https:\/\/staging.faktumonline.com\/da\/wp-json\/wp\/v2\/product"}],"about":[{"href":"https:\/\/staging.faktumonline.com\/da\/wp-json\/wp\/v2\/types\/product"}],"version-history":[{"count":0,"href":"https:\/\/staging.faktumonline.com\/da\/wp-json\/wp\/v2\/product\/77366\/revisions"}],"wp:featuredmedia":[{"embeddable":true,"href":"https:\/\/staging.faktumonline.com\/da\/wp-json\/wp\/v2\/media\/77367"}],"wp:attachment":[{"href":"https:\/\/staging.faktumonline.com\/da\/wp-json\/wp\/v2\/media?parent=77366"}],"wp:term":[{"taxonomy":"product_brand","embeddable":true,"href":"https:\/\/staging.faktumonline.com\/da\/wp-json\/wp\/v2\/product_brand?post=77366"},{"taxonomy":"product_cat","embeddable":true,"href":"https:\/\/staging.faktumonline.com\/da\/wp-json\/wp\/v2\/product_cat?post=77366"},{"taxonomy":"product_tag","embeddable":true,"href":"https:\/\/staging.faktumonline.com\/da\/wp-json\/wp\/v2\/product_tag?post=77366"}],"curies":[{"name":"wp","href":"https:\/\/api.w.org\/{rel}","templated":true}]}}