{"id":91591,"date":"2019-08-10T20:37:20","date_gmt":"2019-08-10T19:37:20","guid":{"rendered":"https:\/\/staging.faktumonline.com\/product\/hojskab-40x195\/"},"modified":"2019-08-10T20:37:20","modified_gmt":"2019-08-10T19:37:20","slug":"hojskab-40x195","status":"publish","type":"product","link":"https:\/\/staging.faktumonline.com\/da\/vare\/hojskab-40x195\/","title":{"rendered":"H\u00f8jskab 40\u00d7195"},"content":{"rendered":"<p>40\u00a0 x 195 x 58 cm<\/p>\n","protected":false},"excerpt":{"rendered":"<p>Dette er et korpus, et h\u00f8jt underskab til IKEA Faktum k\u00f8kkener. Bredde 40 cm, h\u00f8jde 195 cm og dybde 58 cm. Bliver produceret i &#8220;almindelig hvid&#8221; uanset den valgte farve til fronterne. Korpusset kan bestilles alene eller sammen med f\u00f8lgende tilbeh\u00f8r:<\/p>\n","protected":false},"featured_media":91592,"template":"","meta":[],"product_brand":[],"product_cat":[1509],"product_tag":[],"class_list":{"0":"post-91591","1":"product","2":"type-product","3":"status-publish","4":"has-post-thumbnail","6":"product_cat-hojskab-40","7":"product_shipping_class-lang-da","8":"sales-flash-overlay","9":"woocommerce-text-align-center","10":"woocommerce-image-align-center","11":"wc-has-gallery","13":"first","14":"instock","15":"taxable","16":"shipping-taxable","17":"purchasable","18":"product-type-simple"},"exclude_global_add_ons":false,"addons":[{"name":"Door configuration","type":"checkbox","position":0,"required":false,"title_format":"heading","default":"","description_enable":false,"description":"","placeholder_enable":false,"placeholder":"","display":"select","restrictions_type":"any_text","adjust_price":false,"price":"","price_type":"flat_fee","restrictions":false,"min":"0","max":"0","options":[{"label":"Door 15x70","price":"69","price_type":"quantity_based","image":0},{"label":"Set of 2 hinges","price":"19","price_type":"quantity_based","image":0},{"label":"Set of 2 mounting plates","price":"9","price_type":"quantity_based","image":0}],"id":1738948690},{"name":"Pull Out Config","type":"checkbox","position":1,"required":false,"title_format":"heading","default":"","description_enable":false,"description":"","placeholder_enable":false,"placeholder":"","display":"select","restrictions_type":"any_text","adjust_price":false,"price":"","price_type":"flat_fee","restrictions":false,"min":"0","max":"0","options":[{"label":"Pull Out Draw Set","price":"159","price_type":"quantity_based","image":0},{"label":"Draw Front","price":"69","price_type":"quantity_based","image":0}],"id":1738948691},{"name":"Legs","type":"checkbox","position":2,"required":false,"title_format":"heading","default":"","description_enable":false,"description":"","placeholder_enable":false,"placeholder":"","display":"select","restrictions_type":"any_text","adjust_price":false,"price":"","price_type":"flat_fee","restrictions":false,"min":"0","max":"0","options":[{"label":"Set of 4 legs. 16 cm (14,5 - 17 cm)","price":"3.95","price_type":"quantity_based","image":0},{"label":"Set of 4 legs. 12 cm (11,5 - 14.4 cm)","price":"3.95","price_type":"quantity_based","image":0},{"label":"No legs","price":"","price_type":"quantity_based","image":0}],"id":1738948692}],"yoast_head":"<!-- This site is optimized with the Yoast SEO Premium plugin v27.0 (Yoast SEO v27.0) - https:\/\/yoast.com\/product\/yoast-seo-premium-wordpress\/ -->\n<title>H\u00f8jskab 40\u00d7195 - Faktum Online Store<\/title>\n<meta name=\"robots\" content=\"noindex, follow, max-snippet:-1, max-image-preview:large, max-video-preview:-1\" \/>\n<meta property=\"og:locale\" content=\"da_DK\" \/>\n<meta property=\"og:type\" content=\"article\" \/>\n<meta property=\"og:title\" content=\"H\u00f8jskab 40\u00d7195\" \/>\n<meta property=\"og:description\" content=\"Dette er et korpus, et h\u00f8jt underskab til IKEA Faktum k\u00f8kkener. Bredde 40 cm, h\u00f8jde 195 cm og dybde 58 cm. Bliver produceret i &quot;almindelig hvid&quot; uanset den valgte farve til fronterne. Korpusset kan bestilles alene eller sammen med f\u00f8lgende tilbeh\u00f8r:\" \/>\n<meta property=\"og:url\" content=\"https:\/\/staging.faktumonline.com\/da\/vare\/hojskab-40x195\/\" \/>\n<meta property=\"og:site_name\" content=\"Faktum Online Store\" \/>\n<meta property=\"og:image\" content=\"https:\/\/staging.faktumonline.com\/wp-content\/uploads\/2019\/08\/Tall-base-cabinet-for-IKEA-Faktum-40x195.jpg\" \/>\n\t<meta property=\"og:image:width\" content=\"792\" \/>\n\t<meta property=\"og:image:height\" content=\"1936\" \/>\n\t<meta property=\"og:image:type\" content=\"image\/jpeg\" \/>\n<meta name=\"twitter:card\" content=\"summary_large_image\" \/>\n<script type=\"application\/ld+json\" class=\"yoast-schema-graph\">{\"@context\":\"https:\/\/schema.org\",\"@graph\":[{\"@type\":\"WebPage\",\"@id\":\"https:\/\/staging.faktumonline.com\/da\/vare\/hojskab-40x195\/\",\"url\":\"https:\/\/staging.faktumonline.com\/da\/vare\/hojskab-40x195\/\",\"name\":\"H\u00f8jskab 40\u00d7195 - Faktum Online Store\",\"isPartOf\":{\"@id\":\"https:\/\/staging.faktumonline.com\/da\/#website\"},\"primaryImageOfPage\":{\"@id\":\"https:\/\/staging.faktumonline.com\/da\/vare\/hojskab-40x195\/#primaryimage\"},\"image\":{\"@id\":\"https:\/\/staging.faktumonline.com\/da\/vare\/hojskab-40x195\/#primaryimage\"},\"thumbnailUrl\":\"https:\/\/staging.faktumonline.com\/wp-content\/uploads\/2019\/08\/Tall-base-cabinet-for-IKEA-Faktum-40x195.jpg\",\"datePublished\":\"2019-08-10T19:37:20+00:00\",\"breadcrumb\":{\"@id\":\"https:\/\/staging.faktumonline.com\/da\/vare\/hojskab-40x195\/#breadcrumb\"},\"inLanguage\":\"da-DK\",\"potentialAction\":[{\"@type\":\"ReadAction\",\"target\":[\"https:\/\/staging.faktumonline.com\/da\/vare\/hojskab-40x195\/\"]}]},{\"@type\":\"ImageObject\",\"inLanguage\":\"da-DK\",\"@id\":\"https:\/\/staging.faktumonline.com\/da\/vare\/hojskab-40x195\/#primaryimage\",\"url\":\"https:\/\/staging.faktumonline.com\/wp-content\/uploads\/2019\/08\/Tall-base-cabinet-for-IKEA-Faktum-40x195.jpg\",\"contentUrl\":\"https:\/\/staging.faktumonline.com\/wp-content\/uploads\/2019\/08\/Tall-base-cabinet-for-IKEA-Faktum-40x195.jpg\",\"width\":792,\"height\":1936},{\"@type\":\"BreadcrumbList\",\"@id\":\"https:\/\/staging.faktumonline.com\/da\/vare\/hojskab-40x195\/#breadcrumb\",\"itemListElement\":[{\"@type\":\"ListItem\",\"position\":1,\"name\":\"Hem\",\"item\":\"https:\/\/staging.faktumonline.com\/da\/\"},{\"@type\":\"ListItem\",\"position\":2,\"name\":\"Webshop\",\"item\":\"https:\/\/staging.faktumonline.com\/webshop\/\"},{\"@type\":\"ListItem\",\"position\":3,\"name\":\"H\u00f8jskab 40\u00d7195\"}]},{\"@type\":\"WebSite\",\"@id\":\"https:\/\/staging.faktumonline.com\/da\/#website\",\"url\":\"https:\/\/staging.faktumonline.com\/da\/\",\"name\":\"Faktum Online Store\",\"description\":\"Premium doors for IKEA kitchens\",\"potentialAction\":[{\"@type\":\"SearchAction\",\"target\":{\"@type\":\"EntryPoint\",\"urlTemplate\":\"https:\/\/staging.faktumonline.com\/da\/?s={search_term_string}\"},\"query-input\":{\"@type\":\"PropertyValueSpecification\",\"valueRequired\":true,\"valueName\":\"search_term_string\"}}],\"inLanguage\":\"da-DK\"}]}<\/script>\n<!-- \/ Yoast SEO Premium plugin. -->","yoast_head_json":{"title":"H\u00f8jskab 40\u00d7195 - Faktum Online Store","robots":{"index":"noindex","follow":"follow","max-snippet":"max-snippet:-1","max-image-preview":"max-image-preview:large","max-video-preview":"max-video-preview:-1"},"og_locale":"da_DK","og_type":"article","og_title":"H\u00f8jskab 40\u00d7195","og_description":"Dette er et korpus, et h\u00f8jt underskab til IKEA Faktum k\u00f8kkener. Bredde 40 cm, h\u00f8jde 195 cm og dybde 58 cm. Bliver produceret i \"almindelig hvid\" uanset den valgte farve til fronterne. Korpusset kan bestilles alene eller sammen med f\u00f8lgende tilbeh\u00f8r:","og_url":"https:\/\/staging.faktumonline.com\/da\/vare\/hojskab-40x195\/","og_site_name":"Faktum Online Store","og_image":[{"width":792,"height":1936,"url":"https:\/\/staging.faktumonline.com\/wp-content\/uploads\/2019\/08\/Tall-base-cabinet-for-IKEA-Faktum-40x195.jpg","type":"image\/jpeg"}],"twitter_card":"summary_large_image","schema":{"@context":"https:\/\/schema.org","@graph":[{"@type":"WebPage","@id":"https:\/\/staging.faktumonline.com\/da\/vare\/hojskab-40x195\/","url":"https:\/\/staging.faktumonline.com\/da\/vare\/hojskab-40x195\/","name":"H\u00f8jskab 40\u00d7195 - Faktum Online Store","isPartOf":{"@id":"https:\/\/staging.faktumonline.com\/da\/#website"},"primaryImageOfPage":{"@id":"https:\/\/staging.faktumonline.com\/da\/vare\/hojskab-40x195\/#primaryimage"},"image":{"@id":"https:\/\/staging.faktumonline.com\/da\/vare\/hojskab-40x195\/#primaryimage"},"thumbnailUrl":"https:\/\/staging.faktumonline.com\/wp-content\/uploads\/2019\/08\/Tall-base-cabinet-for-IKEA-Faktum-40x195.jpg","datePublished":"2019-08-10T19:37:20+00:00","breadcrumb":{"@id":"https:\/\/staging.faktumonline.com\/da\/vare\/hojskab-40x195\/#breadcrumb"},"inLanguage":"da-DK","potentialAction":[{"@type":"ReadAction","target":["https:\/\/staging.faktumonline.com\/da\/vare\/hojskab-40x195\/"]}]},{"@type":"ImageObject","inLanguage":"da-DK","@id":"https:\/\/staging.faktumonline.com\/da\/vare\/hojskab-40x195\/#primaryimage","url":"https:\/\/staging.faktumonline.com\/wp-content\/uploads\/2019\/08\/Tall-base-cabinet-for-IKEA-Faktum-40x195.jpg","contentUrl":"https:\/\/staging.faktumonline.com\/wp-content\/uploads\/2019\/08\/Tall-base-cabinet-for-IKEA-Faktum-40x195.jpg","width":792,"height":1936},{"@type":"BreadcrumbList","@id":"https:\/\/staging.faktumonline.com\/da\/vare\/hojskab-40x195\/#breadcrumb","itemListElement":[{"@type":"ListItem","position":1,"name":"Hem","item":"https:\/\/staging.faktumonline.com\/da\/"},{"@type":"ListItem","position":2,"name":"Webshop","item":"https:\/\/staging.faktumonline.com\/webshop\/"},{"@type":"ListItem","position":3,"name":"H\u00f8jskab 40\u00d7195"}]},{"@type":"WebSite","@id":"https:\/\/staging.faktumonline.com\/da\/#website","url":"https:\/\/staging.faktumonline.com\/da\/","name":"Faktum Online Store","description":"Premium doors for IKEA kitchens","potentialAction":[{"@type":"SearchAction","target":{"@type":"EntryPoint","urlTemplate":"https:\/\/staging.faktumonline.com\/da\/?s={search_term_string}"},"query-input":{"@type":"PropertyValueSpecification","valueRequired":true,"valueName":"search_term_string"}}],"inLanguage":"da-DK"}]}},"_links":{"self":[{"href":"https:\/\/staging.faktumonline.com\/da\/wp-json\/wp\/v2\/product\/91591","targetHints":{"allow":["GET"]}}],"collection":[{"href":"https:\/\/staging.faktumonline.com\/da\/wp-json\/wp\/v2\/product"}],"about":[{"href":"https:\/\/staging.faktumonline.com\/da\/wp-json\/wp\/v2\/types\/product"}],"version-history":[{"count":0,"href":"https:\/\/staging.faktumonline.com\/da\/wp-json\/wp\/v2\/product\/91591\/revisions"}],"wp:featuredmedia":[{"embeddable":true,"href":"https:\/\/staging.faktumonline.com\/da\/wp-json\/wp\/v2\/media\/91592"}],"wp:attachment":[{"href":"https:\/\/staging.faktumonline.com\/da\/wp-json\/wp\/v2\/media?parent=91591"}],"wp:term":[{"taxonomy":"product_brand","embeddable":true,"href":"https:\/\/staging.faktumonline.com\/da\/wp-json\/wp\/v2\/product_brand?post=91591"},{"taxonomy":"product_cat","embeddable":true,"href":"https:\/\/staging.faktumonline.com\/da\/wp-json\/wp\/v2\/product_cat?post=91591"},{"taxonomy":"product_tag","embeddable":true,"href":"https:\/\/staging.faktumonline.com\/da\/wp-json\/wp\/v2\/product_tag?post=91591"}],"curies":[{"name":"wp","href":"https:\/\/api.w.org\/{rel}","templated":true}]}}