{"id":76911,"date":"2022-08-26T19:46:29","date_gmt":"2022-08-26T18:46:29","guid":{"rendered":"https:\/\/staging.faktumonline.com\/product\/grey-high-gloss-farbmuster\/"},"modified":"2022-08-26T19:46:29","modified_gmt":"2022-08-26T18:46:29","slug":"grey-high-gloss-farbmuster","status":"publish","type":"product","link":"https:\/\/staging.faktumonline.com\/de\/produkt\/grey-high-gloss-farbmuster\/","title":{"rendered":"Grey High Gloss* Farbmuster"},"content":{"rendered":"","protected":false},"excerpt":{"rendered":"<p>Dieses ist ein Farbmuster. Bitte markieren Sie \u201eIn den Warenkorb\u201c, um das Muster zu bestellen. Das Muster stellt das fertige Produkt mit der Farbe auf einen Premium MDF dar und ist dem Endprodukt \u00e4hnlich.<\/p>\n<p>Nicht alle Computerbildschirme (Tablets oder Telefone usw.) sind gleich und die in diesem Dialogfeld angezeigten Bilder zeigen m\u00f6glicherweise andere Farben als die im wirklichen Leben und unter den Lichtverh\u00e4ltnissen Ihrer eigenen K\u00fcche. Bitte betrachten Sie diese Bilder nur als eine grobe Richtlinie.<\/p>\n<p>* Diese Farbe ist bei den U12-T\u00fcren mit integrierten Griffen nicht m\u00f6glich.<\/p>\n","protected":false},"featured_media":9822,"template":"","meta":[],"product_brand":[],"product_cat":[1380],"product_tag":[],"class_list":{"0":"post-76911","1":"product","2":"type-product","3":"status-publish","4":"has-post-thumbnail","6":"product_cat-farbmuster","7":"product_shipping_class-frakt35-de","8":"sales-flash-overlay","9":"woocommerce-text-align-center","10":"woocommerce-image-align-center","11":"wc-has-gallery","13":"first","14":"discontinued","15":"sold-individually","16":"taxable","17":"shipping-taxable","18":"purchasable","19":"product-type-simple"},"exclude_global_add_ons":[],"addons":[],"yoast_head":"<!-- This site is optimized with the Yoast SEO Premium plugin v27.0 (Yoast SEO v27.0) - https:\/\/yoast.com\/product\/yoast-seo-premium-wordpress\/ -->\n<title>Grey High Gloss* Farbmuster - Faktum Online Store<\/title>\n<meta name=\"robots\" content=\"noindex, follow, max-snippet:-1, max-image-preview:large, max-video-preview:-1\" \/>\n<meta property=\"og:locale\" content=\"de_DE\" \/>\n<meta property=\"og:type\" content=\"article\" \/>\n<meta property=\"og:title\" content=\"Grey High Gloss* Farbmuster\" \/>\n<meta property=\"og:description\" content=\"Dieses ist ein Farbmuster. Bitte markieren Sie \u201eIn den Warenkorb\u201c, um das Muster zu bestellen. Das Muster stellt das fertige Produkt mit der Farbe auf einen Premium MDF dar und ist dem Endprodukt \u00e4hnlich.  Nicht alle Computerbildschirme (Tablets oder Telefone usw.) sind gleich und die in diesem Dialogfeld angezeigten Bilder zeigen m\u00f6glicherweise andere Farben als die im wirklichen Leben und unter den Lichtverh\u00e4ltnissen Ihrer eigenen K\u00fcche. Bitte betrachten Sie diese Bilder nur als eine grobe Richtlinie.  * Diese Farbe ist bei den U12-T\u00fcren mit integrierten Griffen nicht m\u00f6glich.\" \/>\n<meta property=\"og:url\" content=\"https:\/\/staging.faktumonline.com\/de\/produkt\/grey-high-gloss-farbmuster\/\" \/>\n<meta property=\"og:site_name\" content=\"Faktum Online Store\" \/>\n<meta property=\"og:image\" content=\"https:\/\/staging.faktumonline.com\/wp-content\/uploads\/2019\/04\/W08-HG7501-1-1.jpg\" \/>\n\t<meta property=\"og:image:width\" content=\"354\" \/>\n\t<meta property=\"og:image:height\" content=\"510\" \/>\n\t<meta property=\"og:image:type\" content=\"image\/jpeg\" \/>\n<meta name=\"twitter:card\" content=\"summary_large_image\" \/>\n<script type=\"application\/ld+json\" class=\"yoast-schema-graph\">{\"@context\":\"https:\/\/schema.org\",\"@graph\":[{\"@type\":\"WebPage\",\"@id\":\"https:\/\/staging.faktumonline.com\/de\/produkt\/grey-high-gloss-farbmuster\/\",\"url\":\"https:\/\/staging.faktumonline.com\/de\/produkt\/grey-high-gloss-farbmuster\/\",\"name\":\"Grey High Gloss* Farbmuster - Faktum Online Store\",\"isPartOf\":{\"@id\":\"https:\/\/staging.faktumonline.com\/da\/#website\"},\"primaryImageOfPage\":{\"@id\":\"https:\/\/staging.faktumonline.com\/de\/produkt\/grey-high-gloss-farbmuster\/#primaryimage\"},\"image\":{\"@id\":\"https:\/\/staging.faktumonline.com\/de\/produkt\/grey-high-gloss-farbmuster\/#primaryimage\"},\"thumbnailUrl\":\"https:\/\/staging.faktumonline.com\/wp-content\/uploads\/2019\/04\/W08-HG7501-1-1.jpg\",\"datePublished\":\"2022-08-26T18:46:29+00:00\",\"breadcrumb\":{\"@id\":\"https:\/\/staging.faktumonline.com\/de\/produkt\/grey-high-gloss-farbmuster\/#breadcrumb\"},\"inLanguage\":\"de\",\"potentialAction\":[{\"@type\":\"ReadAction\",\"target\":[\"https:\/\/staging.faktumonline.com\/de\/produkt\/grey-high-gloss-farbmuster\/\"]}]},{\"@type\":\"ImageObject\",\"inLanguage\":\"de\",\"@id\":\"https:\/\/staging.faktumonline.com\/de\/produkt\/grey-high-gloss-farbmuster\/#primaryimage\",\"url\":\"https:\/\/staging.faktumonline.com\/wp-content\/uploads\/2019\/04\/W08-HG7501-1-1.jpg\",\"contentUrl\":\"https:\/\/staging.faktumonline.com\/wp-content\/uploads\/2019\/04\/W08-HG7501-1-1.jpg\",\"width\":354,\"height\":510},{\"@type\":\"BreadcrumbList\",\"@id\":\"https:\/\/staging.faktumonline.com\/de\/produkt\/grey-high-gloss-farbmuster\/#breadcrumb\",\"itemListElement\":[{\"@type\":\"ListItem\",\"position\":1,\"name\":\"Hem\",\"item\":\"https:\/\/staging.faktumonline.com\/de\/\"},{\"@type\":\"ListItem\",\"position\":2,\"name\":\"Webshop\",\"item\":\"https:\/\/staging.faktumonline.com\/de\/webshop\/\"},{\"@type\":\"ListItem\",\"position\":3,\"name\":\"Grey High Gloss* Farbmuster\"}]},{\"@type\":\"WebSite\",\"@id\":\"https:\/\/staging.faktumonline.com\/da\/#website\",\"url\":\"https:\/\/staging.faktumonline.com\/da\/\",\"name\":\"Faktum Online Store\",\"description\":\"Premium doors for IKEA kitchens\",\"potentialAction\":[{\"@type\":\"SearchAction\",\"target\":{\"@type\":\"EntryPoint\",\"urlTemplate\":\"https:\/\/staging.faktumonline.com\/da\/?s={search_term_string}\"},\"query-input\":{\"@type\":\"PropertyValueSpecification\",\"valueRequired\":true,\"valueName\":\"search_term_string\"}}],\"inLanguage\":\"de\"}]}<\/script>\n<!-- \/ Yoast SEO Premium plugin. -->","yoast_head_json":{"title":"Grey High Gloss* Farbmuster - Faktum Online Store","robots":{"index":"noindex","follow":"follow","max-snippet":"max-snippet:-1","max-image-preview":"max-image-preview:large","max-video-preview":"max-video-preview:-1"},"og_locale":"de_DE","og_type":"article","og_title":"Grey High Gloss* Farbmuster","og_description":"Dieses ist ein Farbmuster. Bitte markieren Sie \u201eIn den Warenkorb\u201c, um das Muster zu bestellen. Das Muster stellt das fertige Produkt mit der Farbe auf einen Premium MDF dar und ist dem Endprodukt \u00e4hnlich.  Nicht alle Computerbildschirme (Tablets oder Telefone usw.) sind gleich und die in diesem Dialogfeld angezeigten Bilder zeigen m\u00f6glicherweise andere Farben als die im wirklichen Leben und unter den Lichtverh\u00e4ltnissen Ihrer eigenen K\u00fcche. Bitte betrachten Sie diese Bilder nur als eine grobe Richtlinie.  * Diese Farbe ist bei den U12-T\u00fcren mit integrierten Griffen nicht m\u00f6glich.","og_url":"https:\/\/staging.faktumonline.com\/de\/produkt\/grey-high-gloss-farbmuster\/","og_site_name":"Faktum Online Store","og_image":[{"width":354,"height":510,"url":"https:\/\/staging.faktumonline.com\/wp-content\/uploads\/2019\/04\/W08-HG7501-1-1.jpg","type":"image\/jpeg"}],"twitter_card":"summary_large_image","schema":{"@context":"https:\/\/schema.org","@graph":[{"@type":"WebPage","@id":"https:\/\/staging.faktumonline.com\/de\/produkt\/grey-high-gloss-farbmuster\/","url":"https:\/\/staging.faktumonline.com\/de\/produkt\/grey-high-gloss-farbmuster\/","name":"Grey High Gloss* Farbmuster - Faktum Online Store","isPartOf":{"@id":"https:\/\/staging.faktumonline.com\/da\/#website"},"primaryImageOfPage":{"@id":"https:\/\/staging.faktumonline.com\/de\/produkt\/grey-high-gloss-farbmuster\/#primaryimage"},"image":{"@id":"https:\/\/staging.faktumonline.com\/de\/produkt\/grey-high-gloss-farbmuster\/#primaryimage"},"thumbnailUrl":"https:\/\/staging.faktumonline.com\/wp-content\/uploads\/2019\/04\/W08-HG7501-1-1.jpg","datePublished":"2022-08-26T18:46:29+00:00","breadcrumb":{"@id":"https:\/\/staging.faktumonline.com\/de\/produkt\/grey-high-gloss-farbmuster\/#breadcrumb"},"inLanguage":"de","potentialAction":[{"@type":"ReadAction","target":["https:\/\/staging.faktumonline.com\/de\/produkt\/grey-high-gloss-farbmuster\/"]}]},{"@type":"ImageObject","inLanguage":"de","@id":"https:\/\/staging.faktumonline.com\/de\/produkt\/grey-high-gloss-farbmuster\/#primaryimage","url":"https:\/\/staging.faktumonline.com\/wp-content\/uploads\/2019\/04\/W08-HG7501-1-1.jpg","contentUrl":"https:\/\/staging.faktumonline.com\/wp-content\/uploads\/2019\/04\/W08-HG7501-1-1.jpg","width":354,"height":510},{"@type":"BreadcrumbList","@id":"https:\/\/staging.faktumonline.com\/de\/produkt\/grey-high-gloss-farbmuster\/#breadcrumb","itemListElement":[{"@type":"ListItem","position":1,"name":"Hem","item":"https:\/\/staging.faktumonline.com\/de\/"},{"@type":"ListItem","position":2,"name":"Webshop","item":"https:\/\/staging.faktumonline.com\/de\/webshop\/"},{"@type":"ListItem","position":3,"name":"Grey High Gloss* Farbmuster"}]},{"@type":"WebSite","@id":"https:\/\/staging.faktumonline.com\/da\/#website","url":"https:\/\/staging.faktumonline.com\/da\/","name":"Faktum Online Store","description":"Premium doors for IKEA kitchens","potentialAction":[{"@type":"SearchAction","target":{"@type":"EntryPoint","urlTemplate":"https:\/\/staging.faktumonline.com\/da\/?s={search_term_string}"},"query-input":{"@type":"PropertyValueSpecification","valueRequired":true,"valueName":"search_term_string"}}],"inLanguage":"de"}]}},"_links":{"self":[{"href":"https:\/\/staging.faktumonline.com\/de\/wp-json\/wp\/v2\/product\/76911","targetHints":{"allow":["GET"]}}],"collection":[{"href":"https:\/\/staging.faktumonline.com\/de\/wp-json\/wp\/v2\/product"}],"about":[{"href":"https:\/\/staging.faktumonline.com\/de\/wp-json\/wp\/v2\/types\/product"}],"version-history":[{"count":0,"href":"https:\/\/staging.faktumonline.com\/de\/wp-json\/wp\/v2\/product\/76911\/revisions"}],"wp:featuredmedia":[{"embeddable":true,"href":"https:\/\/staging.faktumonline.com\/de\/wp-json\/wp\/v2\/media\/9822"}],"wp:attachment":[{"href":"https:\/\/staging.faktumonline.com\/de\/wp-json\/wp\/v2\/media?parent=76911"}],"wp:term":[{"taxonomy":"product_brand","embeddable":true,"href":"https:\/\/staging.faktumonline.com\/de\/wp-json\/wp\/v2\/product_brand?post=76911"},{"taxonomy":"product_cat","embeddable":true,"href":"https:\/\/staging.faktumonline.com\/de\/wp-json\/wp\/v2\/product_cat?post=76911"},{"taxonomy":"product_tag","embeddable":true,"href":"https:\/\/staging.faktumonline.com\/de\/wp-json\/wp\/v2\/product_tag?post=76911"}],"curies":[{"name":"wp","href":"https:\/\/api.w.org\/{rel}","templated":true}]}}